{"id":4014,"date":"2023-10-25T13:06:02","date_gmt":"2023-10-25T11:06:02","guid":{"rendered":"https:\/\/zon11.com\/fa-en-offert\/"},"modified":"2024-02-05T20:58:30","modified_gmt":"2024-02-05T19:58:30","slug":"fa-en-offert","status":"publish","type":"page","link":"https:\/\/zon11.com\/sv\/fa-en-offert\/","title":{"rendered":"Kom ig\u00e5ng"},"content":{"rendered":"\t\t<div data-elementor-type=\"wp-page\" data-elementor-id=\"4014\" class=\"elementor elementor-4014 elementor-2586\" data-elementor-post-type=\"page\">\n\t\t\t\t\t\t<section class=\"elementor-section elementor-top-section elementor-element elementor-element-1e08b8a elementor-section-full_width elementor-section-height-default elementor-section-height-default\" data-id=\"1e08b8a\" data-element_type=\"section\" data-settings=\"{&quot;background_background&quot;:&quot;classic&quot;}\">\n\t\t\t\t\t\t<div class=\"elementor-container elementor-column-gap-default\">\n\t\t\t\t\t<div class=\"elementor-column elementor-col-100 elementor-top-column elementor-element elementor-element-24ec3dd\" data-id=\"24ec3dd\" data-element_type=\"column\">\n\t\t\t<div class=\"elementor-widget-wrap elementor-element-populated\">\n\t\t\t\t\t\t<div class=\"elementor-element elementor-element-abb5290 quote-step-form elementor-button-align-stretch elementor-invisible elementor-widget elementor-widget-form\" data-id=\"abb5290\" data-element_type=\"widget\" data-settings=\"{&quot;step_next_label&quot;:&quot;N\\u00e4sta&quot;,&quot;step_previous_label&quot;:&quot;Tillbaka&quot;,&quot;_animation&quot;:&quot;fadeIn&quot;,&quot;step_type&quot;:&quot;number_text&quot;,&quot;step_icon_shape&quot;:&quot;circle&quot;}\" data-widget_type=\"form.default\">\n\t\t\t\t<div class=\"elementor-widget-container\">\n\t\t\t\t\t\t\t<form class=\"elementor-form\" method=\"post\" name=\"Kom ig\u00e5ng\">\n\t\t\t<input type=\"hidden\" name=\"post_id\" value=\"4014\"\/>\n\t\t\t<input type=\"hidden\" name=\"form_id\" value=\"abb5290\"\/>\n\t\t\t<input type=\"hidden\" name=\"referer_title\" value=\"\" \/>\n\n\t\t\t\n\t\t\t<div class=\"elementor-form-fields-wrapper elementor-labels-above\">\n\t\t\t\t\t\t\t\t<div class=\"elementor-field-type-step elementor-field-group elementor-column elementor-field-group-field_2772377 elementor-col-100\">\n\t\t\t\t\t\t\t<div class=\"e-field-step elementor-hidden\" data-label=\"Kontakt\" data-previousButton=\"\" data-nextButton=\"\" data-iconUrl=\"\" data-iconLibrary=\"fas fa-star\" data-icon=\"\" ><\/div>\n\n\t\t\t\t\t\t<\/div>\n\t\t\t\t\t\t\t\t<div class=\"elementor-field-type-html elementor-field-group elementor-column elementor-field-group-field_e3e1bfe elementor-col-100\">\n\t\t\t\t\tAnge dina uppgifter\t\t\t\t<\/div>\n\t\t\t\t\t\t\t\t<div class=\"elementor-field-type-text elementor-field-group elementor-column elementor-field-group-name elementor-col-100 elementor-field-required elementor-mark-required\">\n\t\t\t\t\t\t\t\t\t\t\t\t<label for=\"form-field-name\" class=\"elementor-field-label\">\n\t\t\t\t\t\t\t\tNamn\t\t\t\t\t\t\t<\/label>\n\t\t\t\t\t\t\t\t\t\t\t\t\t\t<input size=\"1\" type=\"text\" name=\"form_fields[name]\" id=\"form-field-name\" class=\"elementor-field elementor-size-xs  elementor-field-textual\" required=\"required\" aria-required=\"true\">\n\t\t\t\t\t\t\t\t\t\t\t<\/div>\n\t\t\t\t\t\t\t\t<div class=\"elementor-field-type-text elementor-field-group elementor-column elementor-field-group-field_6af0147 elementor-col-100 elementor-field-required elementor-mark-required\">\n\t\t\t\t\t\t\t\t\t\t\t\t<label for=\"form-field-field_6af0147\" class=\"elementor-field-label\">\n\t\t\t\t\t\t\t\tF\u00f6retag\t\t\t\t\t\t\t<\/label>\n\t\t\t\t\t\t\t\t\t\t\t\t\t\t<input size=\"1\" type=\"text\" name=\"form_fields[field_6af0147]\" id=\"form-field-field_6af0147\" class=\"elementor-field elementor-size-xs  elementor-field-textual\" required=\"required\" aria-required=\"true\">\n\t\t\t\t\t\t\t\t\t\t\t<\/div>\n\t\t\t\t\t\t\t\t<div class=\"elementor-field-type-email elementor-field-group elementor-column elementor-field-group-email elementor-col-100 elementor-field-required elementor-mark-required\">\n\t\t\t\t\t\t\t\t\t\t\t\t<label for=\"form-field-email\" class=\"elementor-field-label\">\n\t\t\t\t\t\t\t\tE-post\t\t\t\t\t\t\t<\/label>\n\t\t\t\t\t\t\t\t\t\t\t\t\t\t<input size=\"1\" type=\"email\" name=\"form_fields[email]\" id=\"form-field-email\" class=\"elementor-field elementor-size-xs  elementor-field-textual\" required=\"required\" aria-required=\"true\">\n\t\t\t\t\t\t\t\t\t\t\t<\/div>\n\t\t\t\t\t\t\t\t<div class=\"elementor-field-type-tel elementor-field-group elementor-column elementor-field-group-field_0d53e46 elementor-col-100 elementor-field-required elementor-mark-required\">\n\t\t\t\t\t\t\t\t\t\t\t\t<label for=\"form-field-field_0d53e46\" class=\"elementor-field-label\">\n\t\t\t\t\t\t\t\tTelefon\t\t\t\t\t\t\t<\/label>\n\t\t\t\t\t\t\t\t<input size=\"1\" type=\"tel\" name=\"form_fields[field_0d53e46]\" id=\"form-field-field_0d53e46\" class=\"elementor-field elementor-size-xs  elementor-field-textual\" required=\"required\" aria-required=\"true\" pattern=\"[0-9()#&amp;+*-=.]+\" title=\"Endast siffror och telefontecken (#, -, *, etc) accepteras.\">\n\n\t\t\t\t\t\t<\/div>\n\t\t\t\t\t\t\t\t<div class=\"elementor-field-type-step elementor-field-group elementor-column elementor-field-group-field_53481f5 elementor-col-100\">\n\t\t\t\t\t\t\t<div class=\"e-field-step elementor-hidden\" data-label=\"Marketing\" data-previousButton=\"\" data-nextButton=\"\" data-iconUrl=\"\" data-iconLibrary=\"fas fa-star\" data-icon=\"\" ><\/div>\n\n\t\t\t\t\t\t<\/div>\n\t\t\t\t\t\t\t\t<div class=\"elementor-field-type-checkbox elementor-field-group elementor-column elementor-field-group-field_64df29d elementor-col-100\">\n\t\t\t\t\t\t\t\t\t\t\t\t<label for=\"form-field-field_64df29d\" class=\"elementor-field-label\">\n\t\t\t\t\t\t\t\tTj\u00e4nster\t\t\t\t\t\t\t<\/label>\n\t\t\t\t\t\t<div class=\"elementor-field-subgroup  elementor-subgroup-inline\"><span class=\"elementor-field-option\"><input type=\"checkbox\" value=\"google_ads\" id=\"form-field-field_64df29d-0\" name=\"form_fields[field_64df29d][]\"> <label for=\"form-field-field_64df29d-0\">Google<\/label><\/span><span class=\"elementor-field-option\"><input type=\"checkbox\" value=\"seo\" id=\"form-field-field_64df29d-1\" name=\"form_fields[field_64df29d][]\"> <label for=\"form-field-field_64df29d-1\">SEO<\/label><\/span><span class=\"elementor-field-option\"><input type=\"checkbox\" value=\"instagram_ads\" id=\"form-field-field_64df29d-2\" name=\"form_fields[field_64df29d][]\"> <label for=\"form-field-field_64df29d-2\">Instagram<\/label><\/span><span class=\"elementor-field-option\"><input type=\"checkbox\" value=\"facebook_ads\" id=\"form-field-field_64df29d-3\" name=\"form_fields[field_64df29d][]\"> <label for=\"form-field-field_64df29d-3\">Facebook<\/label><\/span><span class=\"elementor-field-option\"><input type=\"checkbox\" value=\"tik_tok_ads\" id=\"form-field-field_64df29d-4\" name=\"form_fields[field_64df29d][]\"> <label for=\"form-field-field_64df29d-4\">Tik Tok<\/label><\/span><span class=\"elementor-field-option\"><input type=\"checkbox\" value=\"bing_ads\" id=\"form-field-field_64df29d-5\" name=\"form_fields[field_64df29d][]\"> <label for=\"form-field-field_64df29d-5\">Bing<\/label><\/span><span class=\"elementor-field-option\"><input type=\"checkbox\" value=\"linkedin_ads\" id=\"form-field-field_64df29d-6\" name=\"form_fields[field_64df29d][]\"> <label for=\"form-field-field_64df29d-6\">Linkedin<\/label><\/span><span class=\"elementor-field-option\"><input type=\"checkbox\" value=\"snapchat_ads\" id=\"form-field-field_64df29d-7\" name=\"form_fields[field_64df29d][]\"> <label for=\"form-field-field_64df29d-7\">Snapchat<\/label><\/span><span class=\"elementor-field-option\"><input type=\"checkbox\" value=\"x_ads\" id=\"form-field-field_64df29d-8\" name=\"form_fields[field_64df29d][]\"> <label for=\"form-field-field_64df29d-8\">X<\/label><\/span><span class=\"elementor-field-option\"><input type=\"checkbox\" value=\"google_shopping\" id=\"form-field-field_64df29d-9\" name=\"form_fields[field_64df29d][]\"> <label for=\"form-field-field_64df29d-9\">Google Shopping<\/label><\/span><\/div>\t\t\t\t<\/div>\n\t\t\t\t\t\t\t\t<div class=\"elementor-field-type-step elementor-field-group elementor-column elementor-field-group-field_8c8cfe0 elementor-col-100\">\n\t\t\t\t\t\t\t<div class=\"e-field-step elementor-hidden\" data-label=\"Budget\" data-previousButton=\"\" data-nextButton=\"\" data-iconUrl=\"\" data-iconLibrary=\"fas fa-star\" data-icon=\"\" ><\/div>\n\n\t\t\t\t\t\t<\/div>\n\t\t\t\t\t\t\t\t<div class=\"elementor-field-type-radio elementor-field-group elementor-column elementor-field-group-field_3ad40a6 elementor-col-100\">\n\t\t\t\t\t\t\t\t\t\t\t\t<label for=\"form-field-field_3ad40a6\" class=\"elementor-field-label\">\n\t\t\t\t\t\t\t\tBer\u00e4tta om din budget s\u00e5 rekommenderar vi det b\u00e4sta alternativet.\t\t\t\t\t\t\t<\/label>\n\t\t\t\t\t\t<div class=\"elementor-field-subgroup  \"><span class=\"elementor-field-option\"><input type=\"radio\" value=\"1_10k\" id=\"form-field-field_3ad40a6-0\" name=\"form_fields[field_3ad40a6]\"> <label for=\"form-field-field_3ad40a6-0\">SEK 1 - 10K<\/label><\/span><span class=\"elementor-field-option\"><input type=\"radio\" value=\"10_50k\" id=\"form-field-field_3ad40a6-1\" name=\"form_fields[field_3ad40a6]\"> <label for=\"form-field-field_3ad40a6-1\">SEK 10 - 50K<\/label><\/span><span class=\"elementor-field-option\"><input type=\"radio\" value=\"50_100k\" id=\"form-field-field_3ad40a6-2\" name=\"form_fields[field_3ad40a6]\"> <label for=\"form-field-field_3ad40a6-2\">SEK 50 - 100K<\/label><\/span><span class=\"elementor-field-option\"><input type=\"radio\" value=\"100k+100K\" id=\"form-field-field_3ad40a6-3\" name=\"form_fields[field_3ad40a6]\"> <label for=\"form-field-field_3ad40a6-3\">SEK 100K+<\/label><\/span><span class=\"elementor-field-option\"><input type=\"radio\" value=\"os\u00e4ker\" id=\"form-field-field_3ad40a6-4\" name=\"form_fields[field_3ad40a6]\"> <label for=\"form-field-field_3ad40a6-4\">Os\u00e4ker<\/label><\/span><\/div>\t\t\t\t<\/div>\n\t\t\t\t\t\t\t\t<div class=\"elementor-field-type-step elementor-field-group elementor-column elementor-field-group-field_41364fe elementor-col-100\">\n\t\t\t\t\t\t\t<div class=\"e-field-step elementor-hidden\" data-label=\"Vision\" data-previousButton=\"\" data-nextButton=\"\" data-iconUrl=\"\" data-iconLibrary=\"fas fa-star\" data-icon=\"\" ><\/div>\n\n\t\t\t\t\t\t<\/div>\n\t\t\t\t\t\t\t\t<div class=\"elementor-field-type-textarea elementor-field-group elementor-column elementor-field-group-field_e5a228d elementor-col-100\">\n\t\t\t\t\t\t\t\t\t\t\t\t<label for=\"form-field-field_e5a228d\" class=\"elementor-field-label\">\n\t\t\t\t\t\t\t\tBeskriv kortfattat din vision\t\t\t\t\t\t\t<\/label>\n\t\t\t\t\t\t<textarea class=\"elementor-field-textual elementor-field  elementor-size-xs\" name=\"form_fields[field_e5a228d]\" id=\"form-field-field_e5a228d\" rows=\"5\"><\/textarea>\t\t\t\t<\/div>\n\t\t\t\t\t\t\t\t<div class=\"elementor-field-group elementor-column elementor-field-type-submit elementor-col-100 e-form__buttons\">\n\t\t\t\t\t<button class=\"elementor-button elementor-size-md\" type=\"submit\">\n\t\t\t\t\t\t<span class=\"elementor-button-content-wrapper\">\n\t\t\t\t\t\t\t\t\t\t\t\t\t\t\t\t\t\t\t\t\t\t<span class=\"elementor-button-text\">Kom ig\u00e5ng<\/span>\n\t\t\t\t\t\t\t\t\t\t\t\t\t<\/span>\n\t\t\t\t\t<\/button>\n\t\t\t\t<\/div>\n\t\t\t<\/div>\n\t\t<\/form>\n\t\t\t\t\t\t<\/div>\n\t\t\t\t<\/div>\n\t\t\t\t\t<\/div>\n\t\t<\/div>\n\t\t\t\t\t<\/div>\n\t\t<\/section>\n\t\t\t\t<\/div>\n\t\t","protected":false},"excerpt":{"rendered":"","protected":false},"author":2,"featured_media":5260,"parent":0,"menu_order":0,"comment_status":"closed","ping_status":"closed","template":"","meta":{"_acf_changed":false,"_eb_attr":"","footnotes":""},"class_list":["post-4014","page","type-page","status-publish","has-post-thumbnail","hentry"],"acf":[],"_links":{"self":[{"href":"https:\/\/zon11.com\/sv\/wp-json\/wp\/v2\/pages\/4014","targetHints":{"allow":["GET"]}}],"collection":[{"href":"https:\/\/zon11.com\/sv\/wp-json\/wp\/v2\/pages"}],"about":[{"href":"https:\/\/zon11.com\/sv\/wp-json\/wp\/v2\/types\/page"}],"author":[{"embeddable":true,"href":"https:\/\/zon11.com\/sv\/wp-json\/wp\/v2\/users\/2"}],"replies":[{"embeddable":true,"href":"https:\/\/zon11.com\/sv\/wp-json\/wp\/v2\/comments?post=4014"}],"version-history":[{"count":0,"href":"https:\/\/zon11.com\/sv\/wp-json\/wp\/v2\/pages\/4014\/revisions"}],"wp:featuredmedia":[{"embeddable":true,"href":"https:\/\/zon11.com\/sv\/wp-json\/wp\/v2\/media\/5260"}],"wp:attachment":[{"href":"https:\/\/zon11.com\/sv\/wp-json\/wp\/v2\/media?parent=4014"}],"curies":[{"name":"wp","href":"https:\/\/api.w.org\/{rel}","templated":true}]}}