{"id":4004,"date":"2023-09-02T10:55:41","date_gmt":"2023-09-02T08:55:41","guid":{"rendered":"https:\/\/zon11.com\/insikter\/"},"modified":"2024-01-30T14:36:50","modified_gmt":"2024-01-30T13:36:50","slug":"insikter","status":"publish","type":"page","link":"https:\/\/zon11.com\/sv\/insikter\/","title":{"rendered":"Insikter"},"content":{"rendered":"\t\t<div data-elementor-type=\"wp-page\" data-elementor-id=\"4004\" class=\"elementor elementor-4004 elementor-16\" data-elementor-post-type=\"page\">\n\t\t\t\t\t\t<section class=\"elementor-section elementor-top-section elementor-element elementor-element-4ff0e95 elementor-section-boxed elementor-section-height-default elementor-section-height-default\" data-id=\"4ff0e95\" data-element_type=\"section\">\n\t\t\t\t\t\t<div class=\"elementor-container elementor-column-gap-default\">\n\t\t\t\t\t<div class=\"elementor-column elementor-col-100 elementor-top-column elementor-element elementor-element-8ef2533\" data-id=\"8ef2533\" data-element_type=\"column\">\n\t\t\t<div class=\"elementor-widget-wrap elementor-element-populated\">\n\t\t\t\t\t\t<div class=\"elementor-element elementor-element-e3f1a3d elementor-nav-menu__align-center elementor-nav-menu--dropdown-tablet elementor-nav-menu__text-align-aside elementor-nav-menu--toggle elementor-nav-menu--burger elementor-widget elementor-widget-nav-menu\" data-id=\"e3f1a3d\" data-element_type=\"widget\" data-settings=\"{&quot;layout&quot;:&quot;horizontal&quot;,&quot;submenu_icon&quot;:{&quot;value&quot;:&quot;&lt;i class=\\&quot;fas fa-caret-down\\&quot;&gt;&lt;\\\/i&gt;&quot;,&quot;library&quot;:&quot;fa-solid&quot;},&quot;toggle&quot;:&quot;burger&quot;}\" data-widget_type=\"nav-menu.default\">\n\t\t\t\t<div class=\"elementor-widget-container\">\n\t\t\t\t\t\t\t\t<nav aria-label=\"Meny\" class=\"elementor-nav-menu--main elementor-nav-menu__container elementor-nav-menu--layout-horizontal e--pointer-underline e--animation-fade\">\n\t\t\t\t<ul id=\"menu-1-e3f1a3d\" class=\"elementor-nav-menu\"><li class=\"menu-item menu-item-type-taxonomy menu-item-object-category menu-item-4949\"><a href=\"https:\/\/zon11.com\/category\/all\/\" class=\"elementor-item\">All<\/a><\/li>\n<li class=\"menu-item menu-item-type-taxonomy menu-item-object-category menu-item-4950\"><a href=\"https:\/\/zon11.com\/category\/analytics\/\" class=\"elementor-item\">Analytics<\/a><\/li>\n<li class=\"menu-item menu-item-type-taxonomy menu-item-object-category menu-item-4951\"><a href=\"https:\/\/zon11.com\/category\/facebook\/\" class=\"elementor-item\">Facebook<\/a><\/li>\n<li class=\"menu-item menu-item-type-taxonomy menu-item-object-category menu-item-4952\"><a href=\"https:\/\/zon11.com\/category\/google-ads\/\" class=\"elementor-item\">Google Ads<\/a><\/li>\n<li class=\"menu-item menu-item-type-taxonomy menu-item-object-category menu-item-4953\"><a href=\"https:\/\/zon11.com\/category\/instagram\/\" class=\"elementor-item\">Instagram<\/a><\/li>\n<li class=\"menu-item menu-item-type-taxonomy menu-item-object-category menu-item-4955\"><a href=\"https:\/\/zon11.com\/category\/seo\/\" class=\"elementor-item\">SEO<\/a><\/li>\n<li class=\"menu-item menu-item-type-taxonomy menu-item-object-category menu-item-4954\"><a href=\"https:\/\/zon11.com\/category\/local-seo\/\" class=\"elementor-item\">Local SEO<\/a><\/li>\n<li class=\"menu-item menu-item-type-taxonomy menu-item-object-category menu-item-4956\"><a href=\"https:\/\/zon11.com\/category\/tiktok\/\" class=\"elementor-item\">TikTok<\/a><\/li>\n<li class=\"menu-item menu-item-type-taxonomy menu-item-object-category menu-item-4961\"><a href=\"https:\/\/zon11.com\/category\/snapchat\/\" class=\"elementor-item\">Snapchat<\/a><\/li>\n<li class=\"menu-item menu-item-type-taxonomy menu-item-object-category menu-item-4957\"><a href=\"https:\/\/zon11.com\/category\/website\/\" class=\"elementor-item\">Website<\/a><\/li>\n<li class=\"menu-item menu-item-type-taxonomy menu-item-object-category menu-item-4958\"><a href=\"https:\/\/zon11.com\/category\/z11\/\" class=\"elementor-item\">Z11<\/a><\/li>\n<\/ul>\t\t\t<\/nav>\n\t\t\t\t\t<div class=\"elementor-menu-toggle\" role=\"button\" tabindex=\"0\" aria-label=\"Sl\u00e5 p\u00e5\/av meny\" aria-expanded=\"false\">\n\t\t\t<i aria-hidden=\"true\" role=\"presentation\" class=\"elementor-menu-toggle__icon--open eicon-menu-bar\"><\/i><i aria-hidden=\"true\" role=\"presentation\" class=\"elementor-menu-toggle__icon--close eicon-close\"><\/i>\t\t<\/div>\n\t\t\t\t\t<nav class=\"elementor-nav-menu--dropdown elementor-nav-menu__container\" aria-hidden=\"true\">\n\t\t\t\t<ul id=\"menu-2-e3f1a3d\" class=\"elementor-nav-menu\"><li class=\"menu-item menu-item-type-taxonomy menu-item-object-category menu-item-4949\"><a href=\"https:\/\/zon11.com\/category\/all\/\" class=\"elementor-item\" tabindex=\"-1\">All<\/a><\/li>\n<li class=\"menu-item menu-item-type-taxonomy menu-item-object-category menu-item-4950\"><a href=\"https:\/\/zon11.com\/category\/analytics\/\" class=\"elementor-item\" tabindex=\"-1\">Analytics<\/a><\/li>\n<li class=\"menu-item menu-item-type-taxonomy menu-item-object-category menu-item-4951\"><a href=\"https:\/\/zon11.com\/category\/facebook\/\" class=\"elementor-item\" tabindex=\"-1\">Facebook<\/a><\/li>\n<li class=\"menu-item menu-item-type-taxonomy menu-item-object-category menu-item-4952\"><a href=\"https:\/\/zon11.com\/category\/google-ads\/\" class=\"elementor-item\" tabindex=\"-1\">Google Ads<\/a><\/li>\n<li class=\"menu-item menu-item-type-taxonomy menu-item-object-category menu-item-4953\"><a href=\"https:\/\/zon11.com\/category\/instagram\/\" class=\"elementor-item\" tabindex=\"-1\">Instagram<\/a><\/li>\n<li class=\"menu-item menu-item-type-taxonomy menu-item-object-category menu-item-4955\"><a href=\"https:\/\/zon11.com\/category\/seo\/\" class=\"elementor-item\" tabindex=\"-1\">SEO<\/a><\/li>\n<li class=\"menu-item menu-item-type-taxonomy menu-item-object-category menu-item-4954\"><a href=\"https:\/\/zon11.com\/category\/local-seo\/\" class=\"elementor-item\" tabindex=\"-1\">Local SEO<\/a><\/li>\n<li class=\"menu-item menu-item-type-taxonomy menu-item-object-category menu-item-4956\"><a href=\"https:\/\/zon11.com\/category\/tiktok\/\" class=\"elementor-item\" tabindex=\"-1\">TikTok<\/a><\/li>\n<li class=\"menu-item menu-item-type-taxonomy menu-item-object-category menu-item-4961\"><a href=\"https:\/\/zon11.com\/category\/snapchat\/\" class=\"elementor-item\" tabindex=\"-1\">Snapchat<\/a><\/li>\n<li class=\"menu-item menu-item-type-taxonomy menu-item-object-category menu-item-4957\"><a href=\"https:\/\/zon11.com\/category\/website\/\" class=\"elementor-item\" tabindex=\"-1\">Website<\/a><\/li>\n<li class=\"menu-item menu-item-type-taxonomy menu-item-object-category menu-item-4958\"><a href=\"https:\/\/zon11.com\/category\/z11\/\" class=\"elementor-item\" tabindex=\"-1\">Z11<\/a><\/li>\n<\/ul>\t\t\t<\/nav>\n\t\t\t\t\t\t<\/div>\n\t\t\t\t<\/div>\n\t\t\t\t<div class=\"elementor-element elementor-element-13cbbec elementor-grid-3 elementor-grid-tablet-2 elementor-grid-mobile-1 elementor-posts--thumbnail-top elementor-card-shadow-yes elementor-posts__hover-gradient elementor-widget elementor-widget-posts\" data-id=\"13cbbec\" data-element_type=\"widget\" data-settings=\"{&quot;cards_columns&quot;:&quot;3&quot;,&quot;cards_columns_tablet&quot;:&quot;2&quot;,&quot;cards_columns_mobile&quot;:&quot;1&quot;,&quot;cards_row_gap&quot;:{&quot;unit&quot;:&quot;px&quot;,&quot;size&quot;:35,&quot;sizes&quot;:[]},&quot;cards_row_gap_widescreen&quot;:{&quot;unit&quot;:&quot;px&quot;,&quot;size&quot;:&quot;&quot;,&quot;sizes&quot;:[]},&quot;cards_row_gap_laptop&quot;:{&quot;unit&quot;:&quot;px&quot;,&quot;size&quot;:&quot;&quot;,&quot;sizes&quot;:[]},&quot;cards_row_gap_tablet_extra&quot;:{&quot;unit&quot;:&quot;px&quot;,&quot;size&quot;:&quot;&quot;,&quot;sizes&quot;:[]},&quot;cards_row_gap_tablet&quot;:{&quot;unit&quot;:&quot;px&quot;,&quot;size&quot;:&quot;&quot;,&quot;sizes&quot;:[]},&quot;cards_row_gap_mobile_extra&quot;:{&quot;unit&quot;:&quot;px&quot;,&quot;size&quot;:&quot;&quot;,&quot;sizes&quot;:[]},&quot;cards_row_gap_mobile&quot;:{&quot;unit&quot;:&quot;px&quot;,&quot;size&quot;:&quot;&quot;,&quot;sizes&quot;:[]}}\" data-widget_type=\"posts.cards\">\n\t\t\t\t<div class=\"elementor-widget-container\">\n\t\t\t\t\t\t\t<div class=\"elementor-posts-container elementor-posts elementor-posts--skin-cards elementor-grid\">\n\t\t\t\t<article class=\"elementor-post elementor-grid-item post-3992 post type-post status-publish format-standard has-post-thumbnail hentry category-all category-google-analytics-blogg category-facebook-blogg category-google-ads-blogg category-hemsida category-instagram-blogg category-lokal-seo category-sokmotoroptimering category-snapchat-blogg category-tiktok-blogg category-zonelva-media-tipsar\">\n\t\t\t<div class=\"elementor-post__card\">\n\t\t\t\t<a class=\"elementor-post__thumbnail__link\" href=\"https:\/\/zon11.com\/sv\/kraften-i-visuellt-berattande-i-modern-digital-marknadsforing\/\" tabindex=\"-1\" ><div class=\"elementor-post__thumbnail\"><img decoding=\"async\" width=\"300\" height=\"136\" src=\"https:\/\/zon11.com\/wp-content\/uploads\/2023\/10\/information-case-study-research-verification-analysis-sketch-300x136.jpg\" class=\"attachment-medium size-medium wp-image-5260\" alt=\"Visual Storytelling\" srcset=\"https:\/\/zon11.com\/wp-content\/uploads\/2023\/10\/information-case-study-research-verification-analysis-sketch-300x136.jpg 300w, https:\/\/zon11.com\/wp-content\/uploads\/2023\/10\/information-case-study-research-verification-analysis-sketch-1024x466.jpg 1024w, https:\/\/zon11.com\/wp-content\/uploads\/2023\/10\/information-case-study-research-verification-analysis-sketch-768x349.jpg 768w, https:\/\/zon11.com\/wp-content\/uploads\/2023\/10\/information-case-study-research-verification-analysis-sketch-1536x698.jpg 1536w, https:\/\/zon11.com\/wp-content\/uploads\/2023\/10\/information-case-study-research-verification-analysis-sketch-2048x931.jpg 2048w, https:\/\/zon11.com\/wp-content\/uploads\/2023\/10\/information-case-study-research-verification-analysis-sketch-1320x600.jpg 1320w\" sizes=\"(max-width: 300px) 100vw, 300px\" \/><\/div><\/a>\n\t\t\t\t<div class=\"elementor-post__badge\">All<\/div>\n\t\t\t\t<div class=\"elementor-post__text\">\n\t\t\t\t<h2 class=\"elementor-post__title\">\n\t\t\t<a href=\"https:\/\/zon11.com\/sv\/kraften-i-visuellt-berattande-i-modern-digital-marknadsforing\/\" >\n\t\t\t\tKraften i visuellt ber\u00e4ttande i modern digital marknadsf\u00f6ring\t\t\t<\/a>\n\t\t<\/h2>\n\t\t\n\t\t<a class=\"elementor-post__read-more\" href=\"https:\/\/zon11.com\/sv\/kraften-i-visuellt-berattande-i-modern-digital-marknadsforing\/\" aria-label=\"L\u00e4s mer om Kraften i visuellt ber\u00e4ttande i modern digital marknadsf\u00f6ring\" tabindex=\"-1\" >\n\t\t\tL\u00e4s mer \"\t\t<\/a>\n\n\t\t\t\t<\/div>\n\t\t\t\t<div class=\"elementor-post__meta-data\">\n\t\t\t\t\t<span class=\"elementor-post-date\">\n\t\t\toktober 17, 2023\t\t<\/span>\n\t\t\t\t<\/div>\n\t\t\t\t\t<\/div>\n\t\t<\/article>\n\t\t\t\t<article class=\"elementor-post elementor-grid-item post-4041 post type-post status-publish format-standard has-post-thumbnail hentry category-sokmotoroptimering\">\n\t\t\t<div class=\"elementor-post__card\">\n\t\t\t\t<a class=\"elementor-post__thumbnail__link\" href=\"https:\/\/zon11.com\/sv\/some-strategier-i-fokus-ta-ditt-varumarke-till-nya-hojder\/\" tabindex=\"-1\" ><div class=\"elementor-post__thumbnail\"><img fetchpriority=\"high\" decoding=\"async\" width=\"200\" height=\"300\" src=\"https:\/\/zon11.com\/wp-content\/uploads\/2023\/10\/close-up-notebook-with-colored-drawings-200x300.jpg\" class=\"attachment-medium size-medium wp-image-5262\" alt=\"SoMe Strategies\" srcset=\"https:\/\/zon11.com\/wp-content\/uploads\/2023\/10\/close-up-notebook-with-colored-drawings-200x300.jpg 200w, https:\/\/zon11.com\/wp-content\/uploads\/2023\/10\/close-up-notebook-with-colored-drawings-683x1024.jpg 683w, https:\/\/zon11.com\/wp-content\/uploads\/2023\/10\/close-up-notebook-with-colored-drawings-768x1152.jpg 768w, https:\/\/zon11.com\/wp-content\/uploads\/2023\/10\/close-up-notebook-with-colored-drawings-1024x1536.jpg 1024w, https:\/\/zon11.com\/wp-content\/uploads\/2023\/10\/close-up-notebook-with-colored-drawings-1365x2048.jpg 1365w, https:\/\/zon11.com\/wp-content\/uploads\/2023\/10\/close-up-notebook-with-colored-drawings-1320x1980.jpg 1320w, https:\/\/zon11.com\/wp-content\/uploads\/2023\/10\/close-up-notebook-with-colored-drawings-scaled.jpg 1707w\" sizes=\"(max-width: 200px) 100vw, 200px\" \/><\/div><\/a>\n\t\t\t\t<div class=\"elementor-post__badge\">SEO<\/div>\n\t\t\t\t<div class=\"elementor-post__text\">\n\t\t\t\t<h2 class=\"elementor-post__title\">\n\t\t\t<a href=\"https:\/\/zon11.com\/sv\/some-strategier-i-fokus-ta-ditt-varumarke-till-nya-hojder\/\" >\n\t\t\t\tSoMe Strategier i fokus: Ta ditt varum\u00e4rke till nya h\u00f6jder\t\t\t<\/a>\n\t\t<\/h2>\n\t\t\n\t\t<a class=\"elementor-post__read-more\" href=\"https:\/\/zon11.com\/sv\/some-strategier-i-fokus-ta-ditt-varumarke-till-nya-hojder\/\" aria-label=\"L\u00e4s mer om SoMe Strategier i fokus: Ta ditt varum\u00e4rke till nya h\u00f6jder\" tabindex=\"-1\" >\n\t\t\tL\u00e4s mer \"\t\t<\/a>\n\n\t\t\t\t<\/div>\n\t\t\t\t<div class=\"elementor-post__meta-data\">\n\t\t\t\t\t<span class=\"elementor-post-date\">\n\t\t\toktober 17, 2023\t\t<\/span>\n\t\t\t\t<\/div>\n\t\t\t\t\t<\/div>\n\t\t<\/article>\n\t\t\t\t<article class=\"elementor-post elementor-grid-item post-4031 post type-post status-publish format-standard has-post-thumbnail hentry category-facebook-blogg category-instagram-blogg category-sokmotoroptimering category-snapchat-blogg category-tiktok-blogg\">\n\t\t\t<div class=\"elementor-post__card\">\n\t\t\t\t<a class=\"elementor-post__thumbnail__link\" href=\"https:\/\/zon11.com\/sv\/utnyttja-seo-genom-sociala-medier\/\" tabindex=\"-1\" ><div class=\"elementor-post__thumbnail\"><img decoding=\"async\" width=\"212\" height=\"300\" src=\"https:\/\/zon11.com\/wp-content\/uploads\/2023\/10\/search-engine-marketing-composition-design-212x300.jpg\" class=\"attachment-medium size-medium wp-image-5264\" alt=\"SEO through Social Media\" srcset=\"https:\/\/zon11.com\/wp-content\/uploads\/2023\/10\/search-engine-marketing-composition-design-212x300.jpg 212w, https:\/\/zon11.com\/wp-content\/uploads\/2023\/10\/search-engine-marketing-composition-design-723x1024.jpg 723w, https:\/\/zon11.com\/wp-content\/uploads\/2023\/10\/search-engine-marketing-composition-design-768x1088.jpg 768w, https:\/\/zon11.com\/wp-content\/uploads\/2023\/10\/search-engine-marketing-composition-design-1084x1536.jpg 1084w, https:\/\/zon11.com\/wp-content\/uploads\/2023\/10\/search-engine-marketing-composition-design-1445x2048.jpg 1445w, https:\/\/zon11.com\/wp-content\/uploads\/2023\/10\/search-engine-marketing-composition-design-1320x1871.jpg 1320w, https:\/\/zon11.com\/wp-content\/uploads\/2023\/10\/search-engine-marketing-composition-design-scaled.jpg 1806w\" sizes=\"(max-width: 212px) 100vw, 212px\" \/><\/div><\/a>\n\t\t\t\t<div class=\"elementor-post__badge\">Facebook<\/div>\n\t\t\t\t<div class=\"elementor-post__text\">\n\t\t\t\t<h2 class=\"elementor-post__title\">\n\t\t\t<a href=\"https:\/\/zon11.com\/sv\/utnyttja-seo-genom-sociala-medier\/\" >\n\t\t\t\tUtnyttja SEO genom sociala medier\t\t\t<\/a>\n\t\t<\/h2>\n\t\t\n\t\t<a class=\"elementor-post__read-more\" href=\"https:\/\/zon11.com\/sv\/utnyttja-seo-genom-sociala-medier\/\" aria-label=\"L\u00e4s mer om Utnyttja SEO genom sociala medier\" tabindex=\"-1\" >\n\t\t\tL\u00e4s mer \"\t\t<\/a>\n\n\t\t\t\t<\/div>\n\t\t\t\t<div class=\"elementor-post__meta-data\">\n\t\t\t\t\t<span class=\"elementor-post-date\">\n\t\t\toktober 17, 2023\t\t<\/span>\n\t\t\t\t<\/div>\n\t\t\t\t\t<\/div>\n\t\t<\/article>\n\t\t\t\t<\/div>\n\t\t\n\t\t\t\t\t\t<\/div>\n\t\t\t\t<\/div>\n\t\t\t\t\t<\/div>\n\t\t<\/div>\n\t\t\t\t\t<\/div>\n\t\t<\/section>\n\t\t\t\t<\/div>\n\t\t","protected":false},"excerpt":{"rendered":"","protected":false},"author":2,"featured_media":3909,"parent":0,"menu_order":0,"comment_status":"closed","ping_status":"closed","template":"","meta":{"_acf_changed":false,"_eb_attr":"","footnotes":""},"class_list":["post-4004","page","type-page","status-publish","has-post-thumbnail","hentry"],"acf":[],"_links":{"self":[{"href":"https:\/\/zon11.com\/sv\/wp-json\/wp\/v2\/pages\/4004","targetHints":{"allow":["GET"]}}],"collection":[{"href":"https:\/\/zon11.com\/sv\/wp-json\/wp\/v2\/pages"}],"about":[{"href":"https:\/\/zon11.com\/sv\/wp-json\/wp\/v2\/types\/page"}],"author":[{"embeddable":true,"href":"https:\/\/zon11.com\/sv\/wp-json\/wp\/v2\/users\/2"}],"replies":[{"embeddable":true,"href":"https:\/\/zon11.com\/sv\/wp-json\/wp\/v2\/comments?post=4004"}],"version-history":[{"count":0,"href":"https:\/\/zon11.com\/sv\/wp-json\/wp\/v2\/pages\/4004\/revisions"}],"wp:featuredmedia":[{"embeddable":true,"href":"https:\/\/zon11.com\/sv\/wp-json\/wp\/v2\/media\/3909"}],"wp:attachment":[{"href":"https:\/\/zon11.com\/sv\/wp-json\/wp\/v2\/media?parent=4004"}],"curies":[{"name":"wp","href":"https:\/\/api.w.org\/{rel}","templated":true}]}}